{"id":2623,"date":"2025-09-29T11:30:02","date_gmt":"2025-09-29T09:30:02","guid":{"rendered":"https:\/\/www.ffcr.se\/cookies\/"},"modified":"2025-10-30T19:10:33","modified_gmt":"2025-10-30T18:10:33","slug":"cookies","status":"publish","type":"page","link":"https:\/\/www.ffcr.se\/en\/cookies\/","title":{"rendered":"Cookies"},"content":{"rendered":"\t\t<div data-elementor-type=\"wp-page\" data-elementor-id=\"2623\" class=\"elementor elementor-2623 elementor-778\" data-elementor-post-type=\"page\">\n\t\t\t\t\t\t<section class=\"elementor-section elementor-top-section elementor-element elementor-element-7ed4b63 elementor-section-boxed elementor-section-height-default elementor-section-height-default\" data-id=\"7ed4b63\" data-element_type=\"section\" data-settings=\"{&quot;animation&quot;:&quot;none&quot;}\">\n\t\t\t\t\t\t<div class=\"elementor-container elementor-column-gap-default\">\n\t\t\t\t\t<div class=\"elementor-column elementor-col-100 elementor-top-column elementor-element elementor-element-cb4dd2c\" data-id=\"cb4dd2c\" data-element_type=\"column\">\n\t\t\t<div class=\"elementor-widget-wrap elementor-element-populated\">\n\t\t\t\t\t\t<section class=\"elementor-section elementor-inner-section elementor-element elementor-element-2ac5213 elementor-section-boxed elementor-section-height-default elementor-section-height-default\" data-id=\"2ac5213\" data-element_type=\"section\">\n\t\t\t\t\t\t<div class=\"elementor-container elementor-column-gap-default\">\n\t\t\t\t\t<div class=\"elementor-column elementor-col-50 elementor-inner-column elementor-element elementor-element-f24ec02\" data-id=\"f24ec02\" data-element_type=\"column\">\n\t\t\t<div class=\"elementor-widget-wrap elementor-element-populated\">\n\t\t\t\t\t\t<div class=\"elementor-element elementor-element-7347915 elementor-widget elementor-widget-heading\" data-id=\"7347915\" data-element_type=\"widget\" data-widget_type=\"heading.default\">\n\t\t\t\t<div class=\"elementor-widget-container\">\n\t\t\t\t\t<h1 class=\"elementor-heading-title elementor-size-default\">COOKIE POLICY<\/h1>\t\t\t\t<\/div>\n\t\t\t\t<\/div>\n\t\t\t\t\t<\/div>\n\t\t<\/div>\n\t\t\t\t<div class=\"elementor-column elementor-col-50 elementor-inner-column elementor-element elementor-element-fcde86f\" data-id=\"fcde86f\" data-element_type=\"column\">\n\t\t\t<div class=\"elementor-widget-wrap elementor-element-populated\">\n\t\t\t\t\t\t<div class=\"elementor-element elementor-element-a8e95c4 elementor-view-default elementor-widget elementor-widget-icon\" data-id=\"a8e95c4\" data-element_type=\"widget\" data-widget_type=\"icon.default\">\n\t\t\t\t<div class=\"elementor-widget-container\">\n\t\t\t\t\t\t\t<div class=\"elementor-icon-wrapper\">\n\t\t\t<div class=\"elementor-icon\">\n\t\t\t<svg aria-hidden=\"true\" class=\"e-font-icon-svg e-fas-cookie-bite\" viewBox=\"0 0 512 512\" xmlns=\"http:\/\/www.w3.org\/2000\/svg\"><path d=\"M510.52 255.82c-69.97-.85-126.47-57.69-126.47-127.86-70.17 0-127-56.49-127.86-126.45-27.26-4.14-55.13.3-79.72 12.82l-69.13 35.22a132.221 132.221 0 0 0-57.79 57.81l-35.1 68.88a132.645 132.645 0 0 0-12.82 80.95l12.08 76.27a132.521 132.521 0 0 0 37.16 72.96l54.77 54.76a132.036 132.036 0 0 0 72.71 37.06l76.71 12.15c27.51 4.36 55.7-.11 80.53-12.76l69.13-35.21a132.273 132.273 0 0 0 57.79-57.81l35.1-68.88c12.56-24.64 17.01-52.58 12.91-79.91zM176 368c-17.67 0-32-14.33-32-32s14.33-32 32-32 32 14.33 32 32-14.33 32-32 32zm32-160c-17.67 0-32-14.33-32-32s14.33-32 32-32 32 14.33 32 32-14.33 32-32 32zm160 128c-17.67 0-32-14.33-32-32s14.33-32 32-32 32 14.33 32 32-14.33 32-32 32z\"><\/path><\/svg>\t\t\t<\/div>\n\t\t<\/div>\n\t\t\t\t\t\t<\/div>\n\t\t\t\t<\/div>\n\t\t\t\t\t<\/div>\n\t\t<\/div>\n\t\t\t\t\t<\/div>\n\t\t<\/section>\n\t\t\t\t<div class=\"elementor-element elementor-element-c26e212 elementor-widget elementor-widget-text-editor\" data-id=\"c26e212\" data-element_type=\"widget\" data-widget_type=\"text-editor.default\">\n\t\t\t\t<div class=\"elementor-widget-container\">\n\t\t\t\t\t\t\t\t\t<p>We use cookies and other similar technologies on our websites. The cookies we use collect information about your use of the websites and store the information on your device. We do this to ensure that our websites function satisfactorily and are easy to use, to improve your user experience and to provide you with relevant offers.<\/p>\n\t\t\t\t\t\t\t\t<\/div>\n\t\t\t\t<\/div>\n\t\t\t\t<div class=\"elementor-element elementor-element-81c615d elementor-widget elementor-widget-heading\" data-id=\"81c615d\" data-element_type=\"widget\" data-widget_type=\"heading.default\">\n\t\t\t\t<div class=\"elementor-widget-container\">\n\t\t\t\t\t<h2 class=\"elementor-heading-title elementor-size-default\">Your consent is needed<\/h2>\t\t\t\t<\/div>\n\t\t\t\t<\/div>\n\t\t\t\t<div class=\"elementor-element elementor-element-4bbf410 elementor-widget elementor-widget-text-editor\" data-id=\"4bbf410\" data-element_type=\"widget\" data-widget_type=\"text-editor.default\">\n\t\t\t\t<div class=\"elementor-widget-container\">\n\t\t\t\t\t\t\t\t\t<p>You choose whether or not to accept cookies on your device. Your consent is required for the use of all cookies, except for cookies that are necessary to enable the service that you as a user have requested. You give your consent by continuing to use our websites. If you do not agree to our use of cookies, or if you have previously agreed to our use and have changed your mind, you can change your cookie settings at any time.<\/p>\n\t\t\t\t\t\t\t\t<\/div>\n\t\t\t\t<\/div>\n\t\t\t\t<div class=\"elementor-element elementor-element-b143589 elementor-widget elementor-widget-heading\" data-id=\"b143589\" data-element_type=\"widget\" data-widget_type=\"heading.default\">\n\t\t\t\t<div class=\"elementor-widget-container\">\n\t\t\t\t\t<h2 class=\"elementor-heading-title elementor-size-default\">What is cookies?<\/h2>\t\t\t\t<\/div>\n\t\t\t\t<\/div>\n\t\t\t\t<div class=\"elementor-element elementor-element-11bfebd elementor-widget elementor-widget-text-editor\" data-id=\"11bfebd\" data-element_type=\"widget\" data-widget_type=\"text-editor.default\">\n\t\t\t\t<div class=\"elementor-widget-container\">\n\t\t\t\t\t\t\t\t\t<p style=\"text-align: left;\">A cookie is a small text file that is saved in your browser when you connect to a website. Some types of cookies are necessary to ensure that our websites function properly and are easy to use. Other types of cookies are used to collect information about what you do when you visit our websites.<\/p>\n\t\t\t\t\t\t\t\t<\/div>\n\t\t\t\t<\/div>\n\t\t\t\t<div class=\"elementor-element elementor-element-1b67c94 elementor-widget elementor-widget-n-accordion\" data-id=\"1b67c94\" data-element_type=\"widget\" data-settings=\"{&quot;default_state&quot;:&quot;expanded&quot;,&quot;max_items_expended&quot;:&quot;one&quot;,&quot;n_accordion_animation_duration&quot;:{&quot;unit&quot;:&quot;ms&quot;,&quot;size&quot;:400,&quot;sizes&quot;:[]}}\" data-widget_type=\"nested-accordion.default\">\n\t\t\t\t<div class=\"elementor-widget-container\">\n\t\t\t\t\t\t\t<div class=\"e-n-accordion\" aria-label=\"Accordion. Open links with Enter or Space, close with Escape, and navigate with Arrow Keys\">\n\t\t\t\t\t\t<details id=\"e-n-accordion-item-2870\" class=\"e-n-accordion-item\" open>\n\t\t\t\t<summary class=\"e-n-accordion-item-title\" data-accordion-index=\"1\" tabindex=\"0\" aria-expanded=\"true\" aria-controls=\"e-n-accordion-item-2870\" >\n\t\t\t\t\t<span class='e-n-accordion-item-title-header'><div class=\"e-n-accordion-item-title-text\"> COOKIE POLICY EASYFAIRS GROUP &amp; RELATED SUBSIDIARIES <\/div><\/span>\n\t\t\t\t\t\t\t<span class='e-n-accordion-item-title-icon'>\n\t\t\t<span class='e-opened' ><svg aria-hidden=\"true\" class=\"e-font-icon-svg e-fas-caret-down\" viewBox=\"0 0 320 512\" xmlns=\"http:\/\/www.w3.org\/2000\/svg\"><path d=\"M31.3 192h257.3c17.8 0 26.7 21.5 14.1 34.1L174.1 354.8c-7.8 7.8-20.5 7.8-28.3 0L17.2 226.1C4.6 213.5 13.5 192 31.3 192z\"><\/path><\/svg><\/span>\n\t\t\t<span class='e-closed'><svg aria-hidden=\"true\" class=\"e-font-icon-svg e-fas-caret-right\" viewBox=\"0 0 192 512\" xmlns=\"http:\/\/www.w3.org\/2000\/svg\"><path d=\"M0 384.662V127.338c0-17.818 21.543-26.741 34.142-14.142l128.662 128.662c7.81 7.81 7.81 20.474 0 28.284L34.142 398.804C21.543 411.404 0 402.48 0 384.662z\"><\/path><\/svg><\/span>\n\t\t<\/span>\n\n\t\t\t\t\t\t<\/summary>\n\t\t\t\t<div role=\"region\" aria-labelledby=\"e-n-accordion-item-2870\" class=\"elementor-element elementor-element-0428534 e-con-full e-flex e-con e-child\" data-id=\"0428534\" data-element_type=\"container\">\n\t\t\t\t<div class=\"elementor-element elementor-element-017f622 elementor-widget elementor-widget-text-editor\" data-id=\"017f622\" data-element_type=\"widget\" data-widget_type=\"text-editor.default\">\n\t\t\t\t<div class=\"elementor-widget-container\">\n\t\t\t\t\t\t\t\t\t<p>Introduction<\/p>\n<ul>\n<li style=\"list-style-type: none;\">\n<ul>\n<li>Easyfairs International SA\/NV is the parent company of a corporate group active in live events and exhibition organization.<\/li>\n<li>Easyfairs International SA\/NV and its affiliated subsidiaries take the protection of their customers\u2019 (exhibitors, staff, visitors, organizers, readers, advertisers, members, partners, potential clients, etc.) personal data very seriously. Therefore, our customers\u2019 personal data is stored securely and handled with the utmost care. This also applies to personal data about our suppliers, other stakeholders, and all other parties we are in contact with.<\/li>\n<li>Easyfairs International SA\/NV and its affiliated entities process your personal data with respect for your right to privacy and only in accordance with applicable data protection laws, including the General Data Protection Regulation (Regulation 2016\/679, <strong>\u201cGDPR\u201d<\/strong>), Directive 2002\/58\/EC concerning the processing of personal data and the protection of privacy in the electronic communications sector (<strong>\u201cePrivacy Directive\u201d<\/strong>), and applicable national data protection laws.<\/li>\n<li>This privacy policy (the &#8220;<strong>Policy<\/strong>&#8220;) explains (i) which cookies are placed on your device and how long they remain, (ii) how you can delete cookies from your device, and (iii) what rights you have concerning such cookies.<\/li>\n<\/ul>\n<p><\/li>\n<p><\/ul>\n<p><\/p>\n<ul>\n<li>Contact details of the data controller<\/li>\n<li>Your personal data is processed by the following <strong>joint data controllers:<\/strong><\/li>\n<li>Easyfairs Nordic AB, located at \u00c5by Arenav\u00e4g 8A, 431 62 M\u00f6lndal, Sweden<\/li>\n<li>Easyfairs Group SA, located at Rue Saint-Lambert 135, 1200 Woluwe-Saint-Lambert, Belgium.<\/li>\n<\/ul>\n<p><strong>(<\/strong>Collectively referred to as <strong>\u201cEasyfairs\u201d, \u201cwe\u201d, and \u201cus\u201d.)<\/strong><\/p>\n<ul>\n<li>If you have questions about this cookie policy or wish to exercise your rights mentioned in section 10 of our privacy policy, please contact our local data protection officer Goran Bajku\u0161a, either by mail at: Easyfairs AB, \u00c5by Arenav\u00e4g 8A, 431 62 M\u00f6lndal or by email: <a href=\"mailto:PrivacySE@easyfairs.com\">PrivacySE@easyfairs.com<\/a>, in the manner described in section 10 of our privacy policy.<\/li>\n<li>You can also contact the Group\u2019s Data Protection Officer at the following email address: <a href=\"mailto:dpo@easyfairs.com\">dpo@easyfairs.com<\/a>.<\/li>\n<li>WHAT is the purpose and legal basis for data processing?<\/li>\n<li><em>Functional cookies, strictly necessary for the website to operate<\/em><\/li>\n<li>We process functional cookies to pursue our legitimate interests (Article 6(1)(f) of the GDPR), specifically for the following purposes:<\/li>\n<\/ul>\n<p>(a) to measure and optimize our website\u2019s performance,<\/p>\n<p>(b) to provide a high-performance and personalized interface for visitors to our digital platforms,<\/p>\n<p>(c) to use your personal data within aggregated or anonymized models to carry out market analysis, financial management, marketing, reporting, big data analysis, or other types of analytics.<\/p>\n<p>In the cases mentioned above, we always seek a fair balance between the need to process your personal data and the protection of your fundamental rights and freedoms, while respecting your privacy.<\/p>\n<ul>\n<li><em>Non-functional cookies<\/em><\/li>\n<li>We process non-functional cookies with your consent (Article 6(1)(a) of the GDPR), particularly for the following purposes:<\/li>\n<\/ul>\n<p>(a) to evaluate and optimize the quality of our online services and the user-friendliness of our digital platforms in order to provide you with the best possible experience,<\/p>\n<p>(b) to create marketing profiles or segments for customers or potential customers, e.g. targeted marketing.<\/p>\n<ul>\n<li>YOUR RIGHTS REGARDING YOUR PERSONAL DATA<\/li>\n<\/ul>\n<p>As a data subject, you may exercise the following rights regarding your personal data.<\/p>\n<p>To assert them, contact our local data protection officer either by post or email at the addresses listed in section 2.2. Please attach a copy of your ID card, passport, or other valid identification and specify the nature of your request.<\/p>\n<ul>\n<li><strong>Right of access.<\/strong> To the extent permitted by applicable laws and regulations, you may request information on whether we process your personal data and, if so, gain access to it.<\/li>\n<li><strong>Right to rectification.<\/strong> You may request us to correct inaccurate and\/or complete incomplete personal data free of charge.<\/li>\n<li><strong>Right to withdraw consent.<\/strong> To the extent permitted by applicable laws and regulations, you may withdraw your consent regarding cookies at any time. Such withdrawal does not affect the lawfulness of processing based on your prior consent. Please note that if you withdraw your consent, you may not be able to benefit from certain service features for which processing your personal data is necessary.<\/li>\n<li><strong>Right to erasure.<\/strong> You may request us to delete your personal data. We will do so unless there are legal reasons preventing us from doing so. For example, there may be overriding legitimate grounds for us to retain your personal data, such as legal obligations we must comply with or if it is necessary for us to retain it to fulfill such obligations.<\/li>\n<li><strong>Right to lodge a complaint with the supervisory authority.<\/strong> You have the right to contact the Swedish Authority for Privacy Protection if you believe that we are processing your personal data unlawfully.<\/li>\n<li>Linked websites<\/li>\n<\/ul>\n<p>We are not responsible for the privacy policies and practices of other websites, even if you access the third-party website via links on our website. We recommend that you check the policy of each website you visit and contact the website owner or operator if you have any questions or concerns.<\/p>\n<ul>\n<li>Changes to our policy<\/li>\n<\/ul>\n<p>We reserve the right to change or modify this Policy without notifying you, and if we do so, we will inform you of the changes on this page. It is your responsibility to check the Policy each time you provide information to us or place an order.<\/p>\n\t\t\t\t\t\t\t\t<\/div>\n\t\t\t\t<\/div>\n\t\t\t\t<\/div>\n\t\t\t\t\t<\/details>\n\t\t\t\t\t<\/div>\n\t\t\t\t\t\t<\/div>\n\t\t\t\t<\/div>\n\t\t\t\t<div class=\"elementor-element elementor-element-b198a4d elementor-widget elementor-widget-iframe-widget\" data-id=\"b198a4d\" data-element_type=\"widget\" data-widget_type=\"iframe-widget.default\">\n\t\t\t\t<div class=\"elementor-widget-container\">\n\t\t\t\t\t<script type=\"text\/javascript\" charset=\"UTF-8\"  data-cookiescriptreport=\"report\" src=\"\/\/report.cookie-script.com\/r\/326cb6c5b9f263b6d1b9c975154bc39a.js\"><\/script>\t\t\t\t<\/div>\n\t\t\t\t<\/div>\n\t\t\t\t\t<\/div>\n\t\t<\/div>\n\t\t\t\t\t<\/div>\n\t\t<\/section>\n\t\t\t\t<\/div>\n\t\t","protected":false},"excerpt":{"rendered":"<p>At FFCR, we use cookies (small data files stored on your computer) to ensure the website functions optimally and efficiently.<\/p>\n","protected":false},"author":1294,"featured_media":1625,"parent":0,"menu_order":0,"comment_status":"closed","ping_status":"closed","template":"elementor_header_footer","meta":{"_seopress_robots_primary_cat":"","_seopress_titles_title":"Cookies policy | FFCR","_seopress_titles_desc":"At FFCR, we use cookies (small data files stored on your computer) to ensure the website functions optimally and efficiently.","_seopress_robots_index":"","footnotes":""},"class_list":["post-2623","page","type-page","status-publish","has-post-thumbnail","hentry"],"_links":{"self":[{"href":"https:\/\/www.ffcr.se\/en\/wp-json\/wp\/v2\/pages\/2623","targetHints":{"allow":["GET"]}}],"collection":[{"href":"https:\/\/www.ffcr.se\/en\/wp-json\/wp\/v2\/pages"}],"about":[{"href":"https:\/\/www.ffcr.se\/en\/wp-json\/wp\/v2\/types\/page"}],"author":[{"embeddable":true,"href":"https:\/\/www.ffcr.se\/en\/wp-json\/wp\/v2\/users\/1294"}],"replies":[{"embeddable":true,"href":"https:\/\/www.ffcr.se\/en\/wp-json\/wp\/v2\/comments?post=2623"}],"version-history":[{"count":3,"href":"https:\/\/www.ffcr.se\/en\/wp-json\/wp\/v2\/pages\/2623\/revisions"}],"predecessor-version":[{"id":3903,"href":"https:\/\/www.ffcr.se\/en\/wp-json\/wp\/v2\/pages\/2623\/revisions\/3903"}],"wp:featuredmedia":[{"embeddable":true,"href":"https:\/\/www.ffcr.se\/en\/wp-json\/wp\/v2\/media\/1625"}],"wp:attachment":[{"href":"https:\/\/www.ffcr.se\/en\/wp-json\/wp\/v2\/media?parent=2623"}],"curies":[{"name":"wp","href":"https:\/\/api.w.org\/{rel}","templated":true}]}}